{"id":228,"date":"2025-03-03T07:42:02","date_gmt":"2025-03-03T07:42:02","guid":{"rendered":"https:\/\/fennen.hu\/home\/"},"modified":"2025-07-07T13:52:51","modified_gmt":"2025-07-07T13:52:51","slug":"home","status":"publish","type":"page","link":"https:\/\/fennen.hu\/hu\/","title":{"rendered":"Home"},"content":{"rendered":"\n<style type=\"text\/css\" data-created_by=\"avia_inline_auto\" id=\"style-css-av-m7ka4o60-75bb026c9491e1e51bfe1e4d0cc88a9f\">\n.avia-section.av-m7ka4o60-75bb026c9491e1e51bfe1e4d0cc88a9f{\nbackground-repeat:no-repeat;\nbackground-image:url(https:\/\/fennen.hu\/wp-content\/uploads\/2025\/02\/fenneslide1.jpg);\nbackground-position:50% 50%;\nbackground-attachment:scroll;\n}\n<\/style>\n<div id='av_section_1'  class='avia-section av-m7ka4o60-75bb026c9491e1e51bfe1e4d0cc88a9f main_color avia-section-default avia-no-border-styling  avia-builder-el-0  el_before_av_section  avia-builder-el-first  av-small-hide av-mini-hide avia-full-stretch avia-bg-style-scroll av-minimum-height av-minimum-height-custom av-height-custom  container_wrap fullsize'  data-section-bg-repeat='stretch' data-av_minimum_height_px='600'><div class='container av-section-cont-open' style='height:600px'><main  role=\"main\" itemprop=\"mainContentOfPage\"  class='template-page content  av-content-full alpha units'><div class='post-entry post-entry-type-page post-entry-228'><div class='entry-content-wrapper clearfix'>\n<div  class='flex_column av-7aa80-9ec828b95dcefc88abe9aaf35985cb14 av_one_full  avia-builder-el-1  avia-builder-el-no-sibling  first flex_column_div  '     ><style type=\"text\/css\" data-created_by=\"avia_inline_auto\" id=\"style-css-av-m7ka5eib-7f5fb38866ecae3ff8a4d9eb8e719d4c\">\n.avia-image-container.av-m7ka5eib-7f5fb38866ecae3ff8a4d9eb8e719d4c img.avia_image{\nbox-shadow:none;\n}\n.avia-image-container.av-m7ka5eib-7f5fb38866ecae3ff8a4d9eb8e719d4c .av-image-caption-overlay-center{\ncolor:#ffffff;\n}\n<\/style>\n<div  class='avia-image-container av-m7ka5eib-7f5fb38866ecae3ff8a4d9eb8e719d4c av-styling- avia-align-center  avia-builder-el-2  avia-builder-el-no-sibling '   itemprop=\"image\" itemscope=\"itemscope\" itemtype=\"https:\/\/schema.org\/ImageObject\" ><div class=\"avia-image-container-inner\"><div class=\"avia-image-overlay-wrap\"><img decoding=\"async\" fetchpriority=\"high\" class='wp-image-215 avia-img-lazy-loading-not-215 avia_image ' src=\"https:\/\/fennen.hu\/wp-content\/uploads\/2025\/02\/fennen-logo.svg\" alt='' title=''  height=\"333\" width=\"687\"  itemprop=\"thumbnailUrl\"  \/><\/div><\/div><\/div><\/div>\n\n<\/div><\/div><\/main><!-- close content main element --><\/div><\/div>\n<style type=\"text\/css\" data-created_by=\"avia_inline_auto\" id=\"style-css-av-m7kjya0y-9a12d93e93699ae04c9dad7af569a194\">\n.avia-section.av-m7kjya0y-9a12d93e93699ae04c9dad7af569a194{\nbackground-repeat:no-repeat;\nbackground-image:url(https:\/\/fennen.hu\/wp-content\/uploads\/2025\/02\/fenneslide1.jpg);\nbackground-position:50% 50%;\nbackground-attachment:scroll;\n}\n<\/style>\n<div id='av_section_2'  class='avia-section av-m7kjya0y-9a12d93e93699ae04c9dad7af569a194 main_color avia-section-default avia-no-border-styling  avia-builder-el-3  el_after_av_section  el_before_av_section  av-desktop-hide av-medium-hide avia-full-stretch avia-bg-style-scroll container_wrap fullsize'  data-section-bg-repeat='stretch'><div class='container av-section-cont-open' ><div class='template-page content  av-content-full alpha units'><div class='post-entry post-entry-type-page post-entry-228'><div class='entry-content-wrapper clearfix'>\n<div  class='flex_column av-hhsxk-33125d036fe4d4aa36f8cad538d392bb av_one_full  avia-builder-el-4  avia-builder-el-no-sibling  first flex_column_div  '     ><style type=\"text\/css\" data-created_by=\"avia_inline_auto\" id=\"style-css-av-6l5wg-c4d4b6a298ff247dc44d18a149030599\">\n.avia-image-container.av-6l5wg-c4d4b6a298ff247dc44d18a149030599 img.avia_image{\nbox-shadow:none;\n}\n.avia-image-container.av-6l5wg-c4d4b6a298ff247dc44d18a149030599 .av-image-caption-overlay-center{\ncolor:#ffffff;\n}\n<\/style>\n<div  class='avia-image-container av-6l5wg-c4d4b6a298ff247dc44d18a149030599 av-styling- avia-align-center  avia-builder-el-5  avia-builder-el-no-sibling '   itemprop=\"image\" itemscope=\"itemscope\" itemtype=\"https:\/\/schema.org\/ImageObject\" ><div class=\"avia-image-container-inner\"><div class=\"avia-image-overlay-wrap\"><img decoding=\"async\" fetchpriority=\"high\" class='wp-image-215 avia-img-lazy-loading-not-215 avia_image ' src=\"https:\/\/fennen.hu\/wp-content\/uploads\/2025\/02\/fennen-logo.svg\" alt='' title=''  height=\"333\" width=\"687\"  itemprop=\"thumbnailUrl\"  \/><\/div><\/div><\/div><\/div>\n\n<\/div><\/div><\/div><!-- close content main div --><\/div><\/div>\n<style type=\"text\/css\" data-created_by=\"avia_inline_auto\" id=\"style-css-av-aytts-2c07afb6237cd5579a04e66c64296d0d\">\n.avia-section.av-aytts-2c07afb6237cd5579a04e66c64296d0d{\nbackground-repeat:no-repeat;\nbackground-image:url(https:\/\/fennen.hu\/wp-content\/uploads\/2025\/02\/bckgr.jpg);\nbackground-position:100% 100%;\nbackground-attachment:scroll;\n}\n<\/style>\n<div id='av_section_3'  class='avia-section av-aytts-2c07afb6237cd5579a04e66c64296d0d main_color avia-section-default avia-no-border-styling  avia-builder-el-6  el_after_av_section  el_before_av_section  avia-full-stretch avia-bg-style-scroll container_wrap fullsize'  data-section-bg-repeat='stretch'><div class='container av-section-cont-open' ><div class='template-page content  av-content-full alpha units'><div class='post-entry post-entry-type-page post-entry-228'><div class='entry-content-wrapper clearfix'>\n\n<style type=\"text\/css\" data-created_by=\"avia_inline_auto\" id=\"style-css-av-m7ka8njq-60c3b66b919dc4457b5678f8cecf6738\">\n.flex_column.av-m7ka8njq-60c3b66b919dc4457b5678f8cecf6738{\nborder-radius:3px 3px 3px 3px;\npadding:30px 30px 30px 30px;\nbackground-color:#ffffff;\n}\n<\/style>\n<div  class='flex_column av-m7ka8njq-60c3b66b919dc4457b5678f8cecf6738 av_one_full  avia-builder-el-7  avia-builder-el-no-sibling  feherdoboz first flex_column_div  '     ><style type=\"text\/css\" data-created_by=\"avia_inline_auto\" id=\"style-css-av-m7ka9ek9-32eeb731935d7bb7dd74fc0da13c71a6\">\n\n@media only screen and (min-width: 480px) and (max-width: 767px){ \n#top .av_textblock_section.av-m7ka9ek9-32eeb731935d7bb7dd74fc0da13c71a6 .avia_textblock{\nfont-size:17px;\n}\n}\n<\/style>\n<section  class='av_textblock_section av-m7ka9ek9-32eeb731935d7bb7dd74fc0da13c71a6 '   itemscope=\"itemscope\" itemtype=\"https:\/\/schema.org\/CreativeWork\" ><div class='avia_textblock'  itemprop=\"text\" ><h2 style=\"text-align: center;\">\u201cMINDIG LEGYEN N\u00c1LAD EL\u00c9G P\u00c9NZ EGY SZ\u00c1LLODAI SZOB\u00c1RA<br \/>\n\u00c9S EGY J\u00d3 \u00dcVEG PEZSG\u0150RE\u2026<br \/>\nCSAK A BIZTONS\u00c1G KEDV\u00c9\u00c9RT.\u201d<\/h2>\n<p style=\"text-align: center;\"><strong>STEPHEN KITTREDGE CUNNINGHAM<\/strong><\/p>\n<\/div><\/section><br \/>\n\n<style type=\"text\/css\" data-created_by=\"avia_inline_auto\" id=\"style-css-av-m7kaa15d-a63983cf31e18b6d0ad7e993265bad69\">\n.avia-image-container.av-m7kaa15d-a63983cf31e18b6d0ad7e993265bad69 img.avia_image{\nbox-shadow:none;\n}\n.avia-image-container.av-m7kaa15d-a63983cf31e18b6d0ad7e993265bad69 .av-image-caption-overlay-center{\ncolor:#ffffff;\n}\n<\/style>\n<div  class='avia-image-container av-m7kaa15d-a63983cf31e18b6d0ad7e993265bad69 av-styling- avia-align-center  avia-builder-el-9  el_after_av_textblock  el_before_av_textblock '   itemprop=\"image\" itemscope=\"itemscope\" itemtype=\"https:\/\/schema.org\/ImageObject\" ><div class=\"avia-image-container-inner\"><div class=\"avia-image-overlay-wrap\"><img decoding=\"async\" fetchpriority=\"high\" class='wp-image-217 avia-img-lazy-loading-not-217 avia_image ' src=\"https:\/\/fennen.hu\/wp-content\/uploads\/2025\/02\/fennenabra.svg\" alt='' title=''  height=\"236\" width=\"229\"  itemprop=\"thumbnailUrl\"  \/><\/div><\/div><\/div><br \/>\n\n<style type=\"text\/css\" data-created_by=\"avia_inline_auto\" id=\"style-css-av-m7kab1if-81eb91ddd723b4081f47e464eec4ab30\">\n#top .av_textblock_section.av-m7kab1if-81eb91ddd723b4081f47e464eec4ab30 .avia_textblock{\ncolor:#24272c;\n}\n<\/style>\n<section  class='av_textblock_section av-m7kab1if-81eb91ddd723b4081f47e464eec4ab30 '   itemscope=\"itemscope\" itemtype=\"https:\/\/schema.org\/CreativeWork\" ><div class='avia_textblock av_inherit_color'  itemprop=\"text\" ><h3 style=\"text-align: center;\">NYITVATART\u00c1S<\/h3>\n<p style=\"text-align: center;\"><strong>Minden nap 17:00\u201324:00<\/strong><\/p>\n<\/div><\/section><\/p><\/div>\n\n<\/div><\/div><\/div><!-- close content main div --><\/div><\/div><div id='av_section_4'  class='avia-section av-a8un4-129ba0ee677ccabe2dac4d7fd6f98629 main_color avia-section-default avia-no-border-styling  avia-builder-el-11  el_after_av_section  el_before_av_section  avia-bg-style-scroll container_wrap fullsize'  ><div class='container av-section-cont-open' ><div class='template-page content  av-content-full alpha units'><div class='post-entry post-entry-type-page post-entry-228'><div class='entry-content-wrapper clearfix'>\n<div class='flex_column_table av-d64rk-41eb1033547c8ad831118383332379a1 sc-av_three_fifth av-equal-height-column-flextable'>\n<style type=\"text\/css\" data-created_by=\"avia_inline_auto\" id=\"style-css-av-d64rk-41eb1033547c8ad831118383332379a1\">\n.flex_column.av-d64rk-41eb1033547c8ad831118383332379a1{\nwidth:59.8%;\nmargin-left:0;\npadding:20px 20px 20px 20px;\n}\n#top .flex_column_table.av-equal-height-column-flextable.av-d64rk-41eb1033547c8ad831118383332379a1 .av-flex-placeholder{\nwidth:0.5%;\n}\n<\/style>\n<div  class='flex_column av-d64rk-41eb1033547c8ad831118383332379a1 av_three_fifth  avia-builder-el-12  el_before_av_two_fifth  avia-builder-el-first  first flex_column_table_cell av-equal-height-column av-align-top  '     ><section  class='av_textblock_section av-8kru0-90128d5d882daced55856b8f9454056b '   itemscope=\"itemscope\" itemtype=\"https:\/\/schema.org\/CreativeWork\" ><div class='avia_textblock'  itemprop=\"text\" ><h4>FOGLAL\u00c1S: <a href=\"tel:+36304370067\">+36 30 437 0067 <\/a><\/h4>\n<p>Minden foglal\u00e1s 2 \u00f3r\u00e1ra sz\u00f3l.<\/p>\n<\/div><\/section><br \/>\n<div  class='avia-button-wrap av-baamw-fdb506c79767e7333dd1428910d368f5-wrap avia-button-left  avia-builder-el-14  el_after_av_textblock  avia-builder-el-last  feketegomb'><a href='https:\/\/www.sevenrooms.com\/reservations\/fennen\/offers-dir'  class='avia-button av-baamw-fdb506c79767e7333dd1428910d368f5 av-link-btn avia-icon_select-no avia-size-large avia-position-left avia-color-dark'  target=\"_blank\"  rel=\"noopener noreferrer\"  aria-label=\"FOGLALJ ASZTALT\"><span class='avia_iconbox_title' >FOGLALJ ASZTALT<\/span><\/a><\/div><\/p><\/div><div class='av-flex-placeholder'><\/div>\n<style type=\"text\/css\" data-created_by=\"avia_inline_auto\" id=\"style-css-av-btr94-8380e945a0688c96230247a18c8b4b4b\">\n.flex_column.av-btr94-8380e945a0688c96230247a18c8b4b4b{\nwidth:39.7%;\nmargin-left:0;\npadding:20px 20px 20px 20px;\n}\n#top .flex_column_table.av-equal-height-column-flextable.av-btr94-8380e945a0688c96230247a18c8b4b4b .av-flex-placeholder{\nwidth:0.5%;\n}\n<\/style>\n<div  class='flex_column av-btr94-8380e945a0688c96230247a18c8b4b4b av_two_fifth  avia-builder-el-15  el_after_av_three_fifth  avia-builder-el-last  flex_column_table_cell av-equal-height-column av-align-top  '     ><style type=\"text\/css\" data-created_by=\"avia_inline_auto\" id=\"style-css-av-m7kau0or-92549be5dd293f3e49934bc26e4e0f1e\">\n#top .av_textblock_section.av-m7kau0or-92549be5dd293f3e49934bc26e4e0f1e .avia_textblock{\ncolor:#24272c;\n}\n<\/style>\n<section  class='av_textblock_section av-m7kau0or-92549be5dd293f3e49934bc26e4e0f1e '   itemscope=\"itemscope\" itemtype=\"https:\/\/schema.org\/CreativeWork\" ><div class='avia_textblock linkbetumeret av_inherit_color'  itemprop=\"text\" ><h4>7 F\u0150N\u00c9L NAGYOBB CSOPORTOK ESET\u00c9N<\/h4>\n<p>K\u00e9rj\u00fck, \u00edrjon e-mailt a k\u00f6vetkez\u0151 c\u00edmre: <strong><a href=\"mailto:RESTAURANTS@KIMPTONBEMBUDAPEST.COM\">RESTAURANTS@KIMPTONBEMBUDAPEST.COM<\/a><\/strong><\/p>\n<\/div><\/section><br \/>\n<div  class='avia-button-wrap av-m7kbfvb7-ce8dda8b584e72761c1e41b48a6c3b47-wrap avia-button-left  avia-builder-el-17  el_after_av_textblock  avia-builder-el-last  feketegomb'><a href='https:\/\/fennen.hu\/wp-content\/uploads\/2025\/07\/FENNEN_drinklist_2025_05_web.pdf'  class='avia-button av-m7kbfvb7-ce8dda8b584e72761c1e41b48a6c3b47 av-link-btn avia-icon_select-no avia-size-large avia-position-left avia-color-dark'  target=\"_blank\"  rel=\"noopener noreferrer\"  aria-label=\"DRINKLIST\"><span class='avia_iconbox_title' >DRINKLIST<\/span><\/a><\/div><\/p><\/div><\/div><!--close column table wrapper. Autoclose: 1 --><\/div><\/div><\/div><!-- close content main div --><\/div><\/div>\n<style type=\"text\/css\" data-created_by=\"avia_inline_auto\" id=\"style-css-av-m7kbhvtd-e17294c12c37a65f3cb4203b85e383c7\">\n.avia-section.av-m7kbhvtd-e17294c12c37a65f3cb4203b85e383c7{\nbackground-color:#dfd1a7;\nbackground-image:unset;\n}\n<\/style>\n<div id='av_section_5'  class='avia-section av-m7kbhvtd-e17294c12c37a65f3cb4203b85e383c7 main_color avia-section-default avia-no-border-styling  avia-builder-el-18  el_after_av_section  avia-builder-el-last  avia-bg-style-scroll container_wrap fullsize'  ><div class='container av-section-cont-open' ><div class='template-page content  av-content-full alpha units'><div class='post-entry post-entry-type-page post-entry-228'><div class='entry-content-wrapper clearfix'>\n<div  class='flex_column av-1ij20-38065edeeb00dcb62c0ff487d9a46f07 av_one_full  avia-builder-el-19  avia-builder-el-no-sibling  first flex_column_div  '     ><p><br \/>\n\n<style type=\"text\/css\" data-created_by=\"avia_inline_auto\" id=\"style-css-av-m7kc101p-c09827ca3816d3e4638017cf23e7812d\">\n#top .hr.hr-invisible.av-m7kc101p-c09827ca3816d3e4638017cf23e7812d{\nheight:50px;\n}\n<\/style>\n<div  class='hr av-m7kc101p-c09827ca3816d3e4638017cf23e7812d hr-invisible  avia-builder-el-21  el_after_av_codeblock  el_before_av_codeblock '><span class='hr-inner '><span class=\"hr-inner-style\"><\/span><\/span><\/div><br \/>\n<\/p><\/div>\n<\/p>\n","protected":false},"excerpt":{"rendered":"","protected":false},"author":1,"featured_media":0,"parent":0,"menu_order":0,"comment_status":"closed","ping_status":"closed","template":"","meta":{"inline_featured_image":false,"footnotes":""},"class_list":["post-228","page","type-page","status-publish","hentry"],"yoast_head":"<!-- This site is optimized with the Yoast SEO plugin v27.4 - https:\/\/yoast.com\/product\/yoast-seo-wordpress\/ -->\n<title>Home - Fennen Skybar<\/title>\n<meta name=\"robots\" content=\"index, follow, max-snippet:-1, max-image-preview:large, max-video-preview:-1\" \/>\n<link rel=\"canonical\" href=\"https:\/\/fennen.hu\/hu\/home\/\" \/>\n<meta property=\"og:locale\" content=\"hu_HU\" \/>\n<meta property=\"og:type\" content=\"article\" \/>\n<meta property=\"og:title\" content=\"Home - Fennen Skybar\" \/>\n<meta property=\"og:url\" content=\"https:\/\/fennen.hu\/hu\/home\/\" \/>\n<meta property=\"og:site_name\" content=\"Fennen Skybar\" \/>\n<meta property=\"article:modified_time\" content=\"2025-07-07T13:52:51+00:00\" \/>\n<meta name=\"twitter:card\" content=\"summary_large_image\" \/>\n<meta name=\"twitter:label1\" content=\"Becs\u00fclt olvas\u00e1si id\u0151\" \/>\n\t<meta name=\"twitter:data1\" content=\"1 perc\" \/>\n<script type=\"application\/ld+json\" class=\"yoast-schema-graph\">{\"@context\":\"https:\\\/\\\/schema.org\",\"@graph\":[{\"@type\":\"WebPage\",\"@id\":\"https:\\\/\\\/fennen.hu\\\/hu\\\/home\\\/\",\"url\":\"https:\\\/\\\/fennen.hu\\\/hu\\\/home\\\/\",\"name\":\"Home - Fennen Skybar\",\"isPartOf\":{\"@id\":\"https:\\\/\\\/fennen.hu\\\/#website\"},\"datePublished\":\"2025-03-03T07:42:02+00:00\",\"dateModified\":\"2025-07-07T13:52:51+00:00\",\"breadcrumb\":{\"@id\":\"https:\\\/\\\/fennen.hu\\\/hu\\\/home\\\/#breadcrumb\"},\"inLanguage\":\"hu\",\"potentialAction\":[{\"@type\":\"ReadAction\",\"target\":[\"https:\\\/\\\/fennen.hu\\\/hu\\\/home\\\/\"]}]},{\"@type\":\"BreadcrumbList\",\"@id\":\"https:\\\/\\\/fennen.hu\\\/hu\\\/home\\\/#breadcrumb\",\"itemListElement\":[{\"@type\":\"ListItem\",\"position\":1,\"name\":\"Home\",\"item\":\"https:\\\/\\\/fennen.hu\\\/hu\\\/home\\\/\"},{\"@type\":\"ListItem\",\"position\":2,\"name\":\"Home\"}]},{\"@type\":\"WebSite\",\"@id\":\"https:\\\/\\\/fennen.hu\\\/#website\",\"url\":\"https:\\\/\\\/fennen.hu\\\/\",\"name\":\"Fennen Skybar\",\"description\":\"\",\"potentialAction\":[{\"@type\":\"SearchAction\",\"target\":{\"@type\":\"EntryPoint\",\"urlTemplate\":\"https:\\\/\\\/fennen.hu\\\/?s={search_term_string}\"},\"query-input\":{\"@type\":\"PropertyValueSpecification\",\"valueRequired\":true,\"valueName\":\"search_term_string\"}}],\"inLanguage\":\"hu\"}]}<\/script>\n<!-- \/ Yoast SEO plugin. -->","yoast_head_json":{"title":"Home - Fennen Skybar","robots":{"index":"index","follow":"follow","max-snippet":"max-snippet:-1","max-image-preview":"max-image-preview:large","max-video-preview":"max-video-preview:-1"},"canonical":"https:\/\/fennen.hu\/hu\/home\/","og_locale":"hu_HU","og_type":"article","og_title":"Home - Fennen Skybar","og_url":"https:\/\/fennen.hu\/hu\/home\/","og_site_name":"Fennen Skybar","article_modified_time":"2025-07-07T13:52:51+00:00","twitter_card":"summary_large_image","twitter_misc":{"Becs\u00fclt olvas\u00e1si id\u0151":"1 perc"},"schema":{"@context":"https:\/\/schema.org","@graph":[{"@type":"WebPage","@id":"https:\/\/fennen.hu\/hu\/home\/","url":"https:\/\/fennen.hu\/hu\/home\/","name":"Home - Fennen Skybar","isPartOf":{"@id":"https:\/\/fennen.hu\/#website"},"datePublished":"2025-03-03T07:42:02+00:00","dateModified":"2025-07-07T13:52:51+00:00","breadcrumb":{"@id":"https:\/\/fennen.hu\/hu\/home\/#breadcrumb"},"inLanguage":"hu","potentialAction":[{"@type":"ReadAction","target":["https:\/\/fennen.hu\/hu\/home\/"]}]},{"@type":"BreadcrumbList","@id":"https:\/\/fennen.hu\/hu\/home\/#breadcrumb","itemListElement":[{"@type":"ListItem","position":1,"name":"Home","item":"https:\/\/fennen.hu\/hu\/home\/"},{"@type":"ListItem","position":2,"name":"Home"}]},{"@type":"WebSite","@id":"https:\/\/fennen.hu\/#website","url":"https:\/\/fennen.hu\/","name":"Fennen Skybar","description":"","potentialAction":[{"@type":"SearchAction","target":{"@type":"EntryPoint","urlTemplate":"https:\/\/fennen.hu\/?s={search_term_string}"},"query-input":{"@type":"PropertyValueSpecification","valueRequired":true,"valueName":"search_term_string"}}],"inLanguage":"hu"}]}},"_links":{"self":[{"href":"https:\/\/fennen.hu\/hu\/wp-json\/wp\/v2\/pages\/228","targetHints":{"allow":["GET"]}}],"collection":[{"href":"https:\/\/fennen.hu\/hu\/wp-json\/wp\/v2\/pages"}],"about":[{"href":"https:\/\/fennen.hu\/hu\/wp-json\/wp\/v2\/types\/page"}],"author":[{"embeddable":true,"href":"https:\/\/fennen.hu\/hu\/wp-json\/wp\/v2\/users\/1"}],"replies":[{"embeddable":true,"href":"https:\/\/fennen.hu\/hu\/wp-json\/wp\/v2\/comments?post=228"}],"version-history":[{"count":3,"href":"https:\/\/fennen.hu\/hu\/wp-json\/wp\/v2\/pages\/228\/revisions"}],"predecessor-version":[{"id":254,"href":"https:\/\/fennen.hu\/hu\/wp-json\/wp\/v2\/pages\/228\/revisions\/254"}],"wp:attachment":[{"href":"https:\/\/fennen.hu\/hu\/wp-json\/wp\/v2\/media?parent=228"}],"curies":[{"name":"wp","href":"https:\/\/api.w.org\/{rel}","templated":true}]}}